{"id":14,"date":"2024-08-19T12:22:05","date_gmt":"2024-08-19T15:22:05","guid":{"rendered":"https:\/\/fenixtec.info\/?page_id=14"},"modified":"2024-09-10T09:39:42","modified_gmt":"2024-09-10T12:39:42","slug":"home","status":"publish","type":"page","link":"https:\/\/fenixtec.inf.br\/","title":{"rendered":"Home"},"content":{"rendered":"\t\t<div data-elementor-type=\"wp-page\" data-elementor-id=\"14\" class=\"elementor elementor-14\">\n\t\t\t\t<div class=\"elementor-element elementor-element-a5acdc3 e-flex e-con-boxed e-con e-parent\" data-id=\"a5acdc3\" data-element_type=\"container\" data-e-type=\"container\">\n\t\t\t\t\t<div class=\"e-con-inner\">\n\t\t\t\t<div class=\"elementor-element elementor-element-7c7230b elementor-arrows-position-inside elementor-pagination-position-outside elementor-widget elementor-widget-image-carousel\" data-id=\"7c7230b\" data-element_type=\"widget\" data-e-type=\"widget\" data-settings=\"{&quot;slides_to_show&quot;:&quot;1&quot;,&quot;navigation&quot;:&quot;both&quot;,&quot;autoplay&quot;:&quot;yes&quot;,&quot;pause_on_hover&quot;:&quot;yes&quot;,&quot;pause_on_interaction&quot;:&quot;yes&quot;,&quot;autoplay_speed&quot;:5000,&quot;infinite&quot;:&quot;yes&quot;,&quot;effect&quot;:&quot;slide&quot;,&quot;speed&quot;:500}\" data-widget_type=\"image-carousel.default\">\n\t\t\t\t<div class=\"elementor-widget-container\">\n\t\t\t\t\t\t\t<div class=\"elementor-image-carousel-wrapper swiper\" role=\"region\" aria-roledescription=\"carousel\" aria-label=\"Carrossel de imagens\" dir=\"ltr\">\n\t\t\t<div class=\"elementor-image-carousel swiper-wrapper\" aria-live=\"off\">\n\t\t\t\t\t\t\t\t<div class=\"swiper-slide\" role=\"group\" aria-roledescription=\"slide\" aria-label=\"1 de 6\"><figure class=\"swiper-slide-inner\"><img decoding=\"async\" class=\"swiper-slide-image\" src=\"https:\/\/fenixtec.inf.br\/wp-content\/uploads\/2024\/09\/4.png\" alt=\"4\" \/><\/figure><\/div><div class=\"swiper-slide\" role=\"group\" aria-roledescription=\"slide\" aria-label=\"2 de 6\"><figure class=\"swiper-slide-inner\"><img decoding=\"async\" class=\"swiper-slide-image\" src=\"https:\/\/fenixtec.inf.br\/wp-content\/uploads\/2024\/08\/IMAGEM-02.png\" alt=\"IMAGEM 02\" \/><\/figure><\/div><div class=\"swiper-slide\" role=\"group\" aria-roledescription=\"slide\" aria-label=\"3 de 6\"><figure class=\"swiper-slide-inner\"><img decoding=\"async\" class=\"swiper-slide-image\" src=\"https:\/\/fenixtec.inf.br\/wp-content\/uploads\/2024\/08\/imagem-03.png\" alt=\"imagem 03\" \/><\/figure><\/div><div class=\"swiper-slide\" role=\"group\" aria-roledescription=\"slide\" aria-label=\"4 de 6\"><figure class=\"swiper-slide-inner\"><img decoding=\"async\" class=\"swiper-slide-image\" src=\"https:\/\/fenixtec.inf.br\/wp-content\/uploads\/2024\/08\/1.png\" alt=\"1\" \/><\/figure><\/div><div class=\"swiper-slide\" role=\"group\" aria-roledescription=\"slide\" aria-label=\"5 de 6\"><figure class=\"swiper-slide-inner\"><img decoding=\"async\" class=\"swiper-slide-image\" src=\"https:\/\/fenixtec.inf.br\/wp-content\/uploads\/2024\/08\/2.png\" alt=\"2\" \/><\/figure><\/div><div class=\"swiper-slide\" role=\"group\" aria-roledescription=\"slide\" aria-label=\"6 de 6\"><figure class=\"swiper-slide-inner\"><img decoding=\"async\" class=\"swiper-slide-image\" src=\"https:\/\/fenixtec.inf.br\/wp-content\/uploads\/2024\/08\/3.png\" alt=\"3\" \/><\/figure><\/div>\t\t\t<\/div>\n\t\t\t\t\t\t\t\t\t\t\t\t<div class=\"elementor-swiper-button elementor-swiper-button-prev\" role=\"button\" tabindex=\"0\">\n\t\t\t\t\t\t<svg aria-hidden=\"true\" class=\"e-font-icon-svg e-eicon-chevron-left\" viewBox=\"0 0 1000 1000\" xmlns=\"http:\/\/www.w3.org\/2000\/svg\"><path d=\"M646 125C629 125 613 133 604 142L308 442C296 454 292 471 292 487 292 504 296 521 308 533L604 854C617 867 629 875 646 875 663 875 679 871 692 858 704 846 713 829 713 812 713 796 708 779 692 767L438 487 692 225C700 217 708 204 708 187 708 171 704 154 692 142 675 129 663 125 646 125Z\"><\/path><\/svg>\t\t\t\t\t<\/div>\n\t\t\t\t\t<div class=\"elementor-swiper-button elementor-swiper-button-next\" role=\"button\" tabindex=\"0\">\n\t\t\t\t\t\t<svg aria-hidden=\"true\" class=\"e-font-icon-svg e-eicon-chevron-right\" viewBox=\"0 0 1000 1000\" xmlns=\"http:\/\/www.w3.org\/2000\/svg\"><path d=\"M696 533C708 521 713 504 713 487 713 471 708 454 696 446L400 146C388 133 375 125 354 125 338 125 325 129 313 142 300 154 292 171 292 187 292 204 296 221 308 233L563 492 304 771C292 783 288 800 288 817 288 833 296 850 308 863 321 871 338 875 354 875 371 875 388 867 400 854L696 533Z\"><\/path><\/svg>\t\t\t\t\t<\/div>\n\t\t\t\t\n\t\t\t\t\t\t\t\t\t<div class=\"swiper-pagination\"><\/div>\n\t\t\t\t\t\t\t\t\t<\/div>\n\t\t\t\t\t\t<\/div>\n\t\t\t\t<\/div>\n\t\t\t\t\t<\/div>\n\t\t\t\t<\/div>\n\t\t<div class=\"elementor-element elementor-element-fd08ac6 e-flex e-con-boxed e-con e-parent\" data-id=\"fd08ac6\" data-element_type=\"container\" data-e-type=\"container\">\n\t\t\t\t\t<div class=\"e-con-inner\">\n\t\t<div class=\"elementor-element elementor-element-ba831cc e-con-full e-flex e-con e-child\" data-id=\"ba831cc\" data-element_type=\"container\" data-e-type=\"container\">\n\t\t\t\t<div class=\"elementor-element elementor-element-51f8622 elementor-widget elementor-widget-image\" data-id=\"51f8622\" data-element_type=\"widget\" data-e-type=\"widget\" data-widget_type=\"image.default\">\n\t\t\t\t<div class=\"elementor-widget-container\">\n\t\t\t\t\t\t\t\t\t\t\t\t\t\t\t<img decoding=\"async\" src=\"https:\/\/fenixtec.inf.br\/wp-content\/uploads\/elementor\/thumbs\/pikaso_texttoimage_35mm-film-photography-An-artistic-representation-o-rlr53okgbbytqmbpjs0818v8a7qqn53j4imwhs805c.jpeg\" title=\"pikaso_texttoimage_35mm-film-photography-An-artistic-representation-o\" alt=\"pikaso_texttoimage_35mm-film-photography-An-artistic-representation-o\" loading=\"lazy\" \/>\t\t\t\t\t\t\t\t\t\t\t\t\t\t\t<\/div>\n\t\t\t\t<\/div>\n\t\t\t\t<\/div>\n\t\t<div class=\"elementor-element elementor-element-b4a5bfe e-con-full e-flex e-con e-child\" data-id=\"b4a5bfe\" data-element_type=\"container\" data-e-type=\"container\">\n\t\t\t\t<div class=\"elementor-element elementor-element-fb54118 elementor-widget__width-initial elementor-widget elementor-widget-heading\" data-id=\"fb54118\" data-element_type=\"widget\" data-e-type=\"widget\" data-widget_type=\"heading.default\">\n\t\t\t\t<div class=\"elementor-widget-container\">\n\t\t\t\t\t<h2 class=\"elementor-heading-title elementor-size-default\">F\u00eanix Solu\u00e7\u00f5es Tecnol\u00f3gicas Loca\u00e7\u00e3o de Impressoras<\/h2>\t\t\t\t<\/div>\n\t\t\t\t<\/div>\n\t\t\t\t<div class=\"elementor-element elementor-element-a2d59ea elementor-widget elementor-widget-heading\" data-id=\"a2d59ea\" data-element_type=\"widget\" data-e-type=\"widget\" data-widget_type=\"heading.default\">\n\t\t\t\t<div class=\"elementor-widget-container\">\n\t\t\t\t\t<h6 class=\"elementor-heading-title elementor-size-default\">Precisando reduzir os custos de impress\u00e3o da sua empresa, e ainda contar com equipamentos modernos e suporte t\u00e9cnico profissional? N\u00f3s da F\u00eanix Solu\u00e7\u00f5es Tecnl\u00f3gicas podemos ajudar.<\/h6>\t\t\t\t<\/div>\n\t\t\t\t<\/div>\n\t\t\t\t<div class=\"elementor-element elementor-element-6e84e30 elementor-widget elementor-widget-heading\" data-id=\"6e84e30\" data-element_type=\"widget\" data-e-type=\"widget\" data-widget_type=\"heading.default\">\n\t\t\t\t<div class=\"elementor-widget-container\">\n\t\t\t\t\t<h6 class=\"elementor-heading-title elementor-size-default\">Empres\u00e1rios de diversos tipos de neg\u00f3cios t\u00eam optado pela loca\u00e7\u00e3o de impressoras como forma de tornar a administra\u00e7\u00e3o de suas empresas mais din\u00e2mica. Terceirizando, sua empresa fica livre para se dedicar 100% nas atividades que v\u00e3o gerar lucro e transfere toda a responsabilidade em manter o funcionamento de suas impressoras, reposi\u00e7\u00e3o de suprimentos como tonner e folhas, al\u00e9m de contar com suporte t\u00e9cnico qualificado.<\/h6>\t\t\t\t<\/div>\n\t\t\t\t<\/div>\n\t\t\t\t<div class=\"elementor-element elementor-element-978961c elementor-widget elementor-widget-heading\" data-id=\"978961c\" data-element_type=\"widget\" data-e-type=\"widget\" data-widget_type=\"heading.default\">\n\t\t\t\t<div class=\"elementor-widget-container\">\n\t\t\t\t\t<h6 class=\"elementor-heading-title elementor-size-default\">Com nossa equipe de suporte conseguimos identificar de maneira r\u00e1pida poss\u00edveis problemas nos equipamentos, fazendo an\u00e1lise de cada caso, para que seja tomada uma solu\u00e7\u00e3o imediata via acesso remoto ou o envio do t\u00e9cnico ao local.<\/h6>\t\t\t\t<\/div>\n\t\t\t\t<\/div>\n\t\t\t\t<\/div>\n\t\t\t\t\t<\/div>\n\t\t\t\t<\/div>\n\t\t<div class=\"elementor-element elementor-element-dcb0d57 e-con-full e-flex e-con e-parent\" data-id=\"dcb0d57\" data-element_type=\"container\" data-e-type=\"container\">\n\t\t<div class=\"elementor-element elementor-element-5f61506 e-con-full e-flex e-con e-child\" data-id=\"5f61506\" data-element_type=\"container\" data-e-type=\"container\">\n\t\t\t\t<div class=\"elementor-element elementor-element-8fb3157 elementor-widget elementor-widget-heading\" data-id=\"8fb3157\" data-element_type=\"widget\" data-e-type=\"widget\" data-widget_type=\"heading.default\">\n\t\t\t\t<div class=\"elementor-widget-container\">\n\t\t\t\t\t<h2 class=\"elementor-heading-title elementor-size-default\">Suporte T\u00e9cnico<\/h2>\t\t\t\t<\/div>\n\t\t\t\t<\/div>\n\t\t\t\t<div class=\"elementor-element elementor-element-93b2587 elementor-widget elementor-widget-heading\" data-id=\"93b2587\" data-element_type=\"widget\" data-e-type=\"widget\" data-widget_type=\"heading.default\">\n\t\t\t\t<div class=\"elementor-widget-container\">\n\t\t\t\t\t<h6 class=\"elementor-heading-title elementor-size-default\">O suporte t\u00e9cnico em computadores e impressoras, \u00e9 um servi\u00e7o de manuten\u00e7\u00e3o preventiva ou corretiva cuja fun\u00e7\u00e3o \u00e9 identificar problemas t\u00e9cnicos em desktops ou notebooks, assim como tamb\u00e9m prevenir nova apari\u00e7\u00e3o dessas falhas.<\/h6>\t\t\t\t<\/div>\n\t\t\t\t<\/div>\n\t\t\t\t<div class=\"elementor-element elementor-element-55ae0a9 elementor-widget elementor-widget-heading\" data-id=\"55ae0a9\" data-element_type=\"widget\" data-e-type=\"widget\" data-widget_type=\"heading.default\">\n\t\t\t\t<div class=\"elementor-widget-container\">\n\t\t\t\t\t<h6 class=\"elementor-heading-title elementor-size-default\">Conte com a F\u00eanix Solu\u00e7\u00f5es Tecnol\u00f3gicas para suas necessidades de suporte t\u00e9cnico em sistemas sua empresa. Contamos com profissionais altamente especializados e provemos suporte local ou remoto para sistemas novos ou existentes. Trabalhamos com suporte t\u00e9cnico em inform\u00e1tica, redes, bancos de dados e infraestrutura local e na nuvem. Fale com a F\u00eanix Solu\u00e7\u00f5es Tecnol\u00f3gicas e solucione seus problemas de suporte t\u00e9cnico!<\/h6>\t\t\t\t<\/div>\n\t\t\t\t<\/div>\n\t\t\t\t<\/div>\n\t\t<div class=\"elementor-element elementor-element-70c4cbe e-con-full e-flex e-con e-child\" data-id=\"70c4cbe\" data-element_type=\"container\" data-e-type=\"container\">\n\t\t\t\t<div class=\"elementor-element elementor-element-4eed998 elementor-widget elementor-widget-image\" data-id=\"4eed998\" data-element_type=\"widget\" data-e-type=\"widget\" data-widget_type=\"image.default\">\n\t\t\t\t<div class=\"elementor-widget-container\">\n\t\t\t\t\t\t\t\t\t\t\t\t\t\t\t<img fetchpriority=\"high\" decoding=\"async\" width=\"1024\" height=\"683\" src=\"https:\/\/fenixtec.inf.br\/wp-content\/uploads\/2024\/08\/tecninco-em-informatica-guiatech-1024x683.webp\" class=\"attachment-large size-large wp-image-954\" alt=\"\" srcset=\"https:\/\/fenixtec.inf.br\/wp-content\/uploads\/2024\/08\/tecninco-em-informatica-guiatech-1024x683.webp 1024w, https:\/\/fenixtec.inf.br\/wp-content\/uploads\/2024\/08\/tecninco-em-informatica-guiatech-300x200.webp 300w, https:\/\/fenixtec.inf.br\/wp-content\/uploads\/2024\/08\/tecninco-em-informatica-guiatech-768x512.webp 768w, https:\/\/fenixtec.inf.br\/wp-content\/uploads\/2024\/08\/tecninco-em-informatica-guiatech.webp 1200w\" sizes=\"(max-width: 1024px) 100vw, 1024px\" \/>\t\t\t\t\t\t\t\t\t\t\t\t\t\t\t<\/div>\n\t\t\t\t<\/div>\n\t\t\t\t<\/div>\n\t\t\t\t<\/div>\n\t\t<div class=\"elementor-element elementor-element-cd89d0d e-flex e-con-boxed e-con e-parent\" data-id=\"cd89d0d\" data-element_type=\"container\" data-e-type=\"container\">\n\t\t\t\t\t<div class=\"e-con-inner\">\n\t\t<div class=\"elementor-element elementor-element-36d3838 e-con-full e-flex e-con e-child\" data-id=\"36d3838\" data-element_type=\"container\" data-e-type=\"container\">\n\t\t\t\t<div class=\"elementor-element elementor-element-83e9227 elementor-widget elementor-widget-image\" data-id=\"83e9227\" data-element_type=\"widget\" data-e-type=\"widget\" data-widget_type=\"image.default\">\n\t\t\t\t<div class=\"elementor-widget-container\">\n\t\t\t\t\t\t\t\t\t\t\t\t\t\t\t<img decoding=\"async\" width=\"1024\" height=\"683\" src=\"https:\/\/fenixtec.inf.br\/wp-content\/uploads\/2024\/08\/original-d9d133e7294996544c964646b35d7bf0-1024x683.jpg\" class=\"attachment-large size-large wp-image-973\" alt=\"\" srcset=\"https:\/\/fenixtec.inf.br\/wp-content\/uploads\/2024\/08\/original-d9d133e7294996544c964646b35d7bf0-1024x683.jpg 1024w, https:\/\/fenixtec.inf.br\/wp-content\/uploads\/2024\/08\/original-d9d133e7294996544c964646b35d7bf0-300x200.jpg 300w, https:\/\/fenixtec.inf.br\/wp-content\/uploads\/2024\/08\/original-d9d133e7294996544c964646b35d7bf0-768x513.jpg 768w, https:\/\/fenixtec.inf.br\/wp-content\/uploads\/2024\/08\/original-d9d133e7294996544c964646b35d7bf0-1536x1025.jpg 1536w, https:\/\/fenixtec.inf.br\/wp-content\/uploads\/2024\/08\/original-d9d133e7294996544c964646b35d7bf0-2048x1367.jpg 2048w\" sizes=\"(max-width: 1024px) 100vw, 1024px\" \/>\t\t\t\t\t\t\t\t\t\t\t\t\t\t\t<\/div>\n\t\t\t\t<\/div>\n\t\t\t\t<\/div>\n\t\t<div class=\"elementor-element elementor-element-bb99048 e-con-full e-flex e-con e-child\" data-id=\"bb99048\" data-element_type=\"container\" data-e-type=\"container\">\n\t\t\t\t<div class=\"elementor-element elementor-element-b89399e elementor-widget elementor-widget-heading\" data-id=\"b89399e\" data-element_type=\"widget\" data-e-type=\"widget\" data-widget_type=\"heading.default\">\n\t\t\t\t<div class=\"elementor-widget-container\">\n\t\t\t\t\t<h2 class=\"elementor-heading-title elementor-size-default\">Suporte T\u00e9cnico Empresarial - Administra\u00e7\u00e3o de Redes TI<\/h2>\t\t\t\t<\/div>\n\t\t\t\t<\/div>\n\t\t\t\t<div class=\"elementor-element elementor-element-dadacc9 elementor-widget elementor-widget-heading\" data-id=\"dadacc9\" data-element_type=\"widget\" data-e-type=\"widget\" data-widget_type=\"heading.default\">\n\t\t\t\t<div class=\"elementor-widget-container\">\n\t\t\t\t\t<h6 class=\"elementor-heading-title elementor-size-default\">Somos uma empresa especializada em projetos e instala\u00e7\u00f5es de redes e em servi\u00e7os gerenciados em TIC (Tecnologia da Informa\u00e7\u00e3o e Comunica\u00e7\u00e3o). S\u00e3o mais de 10 anos de atua\u00e7\u00e3o no setor, com conhecimento e experi\u00eancia que garantem qualidade.\nConhe\u00e7a a s\u00e9rie de possibilidades e solu\u00e7\u00f5es inovadoras que v\u00e3o ao encontro do desenvolvimento, proporcionando mais trafegabilidade na navega\u00e7\u00e3o, redu\u00e7\u00e3o do consumo de energia el\u00e9trica e espa\u00e7o f\u00edsico ocupado, al\u00e9m de melhorar significativamente a qualidade das redes e reduzir custos.<\/h6>\t\t\t\t<\/div>\n\t\t\t\t<\/div>\n\t\t\t\t<\/div>\n\t\t\t\t\t<\/div>\n\t\t\t\t<\/div>\n\t\t\t\t<\/div>\n\t\t","protected":false},"excerpt":{"rendered":"<p>F\u00eanix Solu\u00e7\u00f5es Tecnol\u00f3gicas Loca\u00e7\u00e3o de Impressoras Precisando reduzir os custos de impress\u00e3o da sua empresa, e ainda contar com equipamentos [&hellip;]<\/p>\n","protected":false},"author":1,"featured_media":0,"parent":0,"menu_order":0,"comment_status":"closed","ping_status":"closed","template":"","meta":{"site-sidebar-layout":"no-sidebar","site-content-layout":"","ast-site-content-layout":"full-width-container","site-content-style":"default","site-sidebar-style":"default","ast-global-header-display":"","ast-banner-title-visibility":"","ast-main-header-display":"","ast-hfb-above-header-display":"","ast-hfb-below-header-display":"","ast-hfb-mobile-header-display":"","site-post-title":"disabled","ast-breadcrumbs-content":"","ast-featured-img":"disabled","footer-sml-layout":"","ast-disable-related-posts":"","theme-transparent-header-meta":"","adv-header-id-meta":"","stick-header-meta":"","header-above-stick-meta":"","header-main-stick-meta":"","header-below-stick-meta":"","astra-migrate-meta-layouts":"default","ast-page-background-enabled":"default","ast-page-background-meta":{"desktop":{"background-color":"var(--ast-global-color-4)","background-image":"","background-repeat":"repeat","background-position":"center center","background-size":"auto","background-attachment":"scroll","background-type":"","background-media":"","overlay-type":"","overlay-color":"","overlay-opacity":"","overlay-gradient":""},"tablet":{"background-color":"","background-image":"","background-repeat":"repeat","background-position":"center center","background-size":"auto","background-attachment":"scroll","background-type":"","background-media":"","overlay-type":"","overlay-color":"","overlay-opacity":"","overlay-gradient":""},"mobile":{"background-color":"","background-image":"","background-repeat":"repeat","background-position":"center center","background-size":"auto","background-attachment":"scroll","background-type":"","background-media":"","overlay-type":"","overlay-color":"","overlay-opacity":"","overlay-gradient":""}},"ast-content-background-meta":{"desktop":{"background-color":"var(--ast-global-color-5)","background-image":"","background-repeat":"repeat","background-position":"center center","background-size":"auto","background-attachment":"scroll","background-type":"","background-media":"","overlay-type":"","overlay-color":"","overlay-opacity":"","overlay-gradient":""},"tablet":{"background-color":"var(--ast-global-color-5)","background-image":"","background-repeat":"repeat","background-position":"center center","background-size":"auto","background-attachment":"scroll","background-type":"","background-media":"","overlay-type":"","overlay-color":"","overlay-opacity":"","overlay-gradient":""},"mobile":{"background-color":"var(--ast-global-color-5)","background-image":"","background-repeat":"repeat","background-position":"center center","background-size":"auto","background-attachment":"scroll","background-type":"","background-media":"","overlay-type":"","overlay-color":"","overlay-opacity":"","overlay-gradient":""}},"footnotes":""},"class_list":["post-14","page","type-page","status-publish","hentry"],"_links":{"self":[{"href":"https:\/\/fenixtec.inf.br\/index.php\/wp-json\/wp\/v2\/pages\/14","targetHints":{"allow":["GET"]}}],"collection":[{"href":"https:\/\/fenixtec.inf.br\/index.php\/wp-json\/wp\/v2\/pages"}],"about":[{"href":"https:\/\/fenixtec.inf.br\/index.php\/wp-json\/wp\/v2\/types\/page"}],"author":[{"embeddable":true,"href":"https:\/\/fenixtec.inf.br\/index.php\/wp-json\/wp\/v2\/users\/1"}],"replies":[{"embeddable":true,"href":"https:\/\/fenixtec.inf.br\/index.php\/wp-json\/wp\/v2\/comments?post=14"}],"version-history":[{"count":450,"href":"https:\/\/fenixtec.inf.br\/index.php\/wp-json\/wp\/v2\/pages\/14\/revisions"}],"predecessor-version":[{"id":1158,"href":"https:\/\/fenixtec.inf.br\/index.php\/wp-json\/wp\/v2\/pages\/14\/revisions\/1158"}],"wp:attachment":[{"href":"https:\/\/fenixtec.inf.br\/index.php\/wp-json\/wp\/v2\/media?parent=14"}],"curies":[{"name":"wp","href":"https:\/\/api.w.org\/{rel}","templated":true}]}}